{"id":572,"date":"2014-11-29T13:34:33","date_gmt":"2014-11-29T17:34:33","guid":{"rendered":"http:\/\/albergueolimpico.com\/?page_id=572"},"modified":"2023-09-08T16:20:21","modified_gmt":"2023-09-08T20:20:21","slug":"programas-deportivos","status":"publish","type":"page","link":"https:\/\/albergueolimpico.com\/en\/programas-deportivos\/","title":{"rendered":"Sports Programs"},"content":{"rendered":"<div data-colibri-id=\"572-c1\" class=\"style-4816 style-local-572-c1 position-relative\">\n  <!---->\n  <div data-colibri-component=\"section\" data-colibri-id=\"572-c6\" id=\"custom\" class=\"h-section h-section-global-spacing d-flex align-items-lg-center align-items-md-center align-items-center style-4821 style-local-572-c6 position-relative\">\n    <!---->\n    <!---->\n    <div class=\"h-section-grid-container h-section-boxed-container\">\n      <!---->\n      <div data-colibri-id=\"572-c7\" class=\"h-row-container gutters-row-lg-2 gutters-row-md-2 gutters-row-0 gutters-row-v-lg-2 gutters-row-v-md-2 gutters-row-v-2 style-4822 style-local-572-c7 position-relative\">\n        <!---->\n        <div class=\"h-row justify-content-lg-center justify-content-md-center justify-content-center align-items-lg-stretch align-items-md-stretch align-items-stretch gutters-col-lg-2 gutters-col-md-2 gutters-col-0 gutters-col-v-lg-2 gutters-col-v-md-2 gutters-col-v-2\">\n          <!---->\n          <div class=\"h-column h-column-container d-flex h-col-lg-auto h-col-md-auto h-col-auto style-4823-outer style-local-572-c8-outer\">\n            <div data-colibri-id=\"572-c8\" class=\"d-flex h-flex-basis h-column__inner h-px-lg-2 h-px-md-2 h-px-2 v-inner-lg-2 v-inner-md-2 v-inner-2 style-4823 style-local-572-c8 position-relative\">\n              <!---->\n              <!---->\n              <div class=\"w-100 h-y-container h-column__content h-column__v-align flex-basis-100 align-self-lg-start align-self-md-start align-self-start\">\n                <!---->\n                <div data-colibri-id=\"572-c9\" class=\"d-block style-4824 style-local-572-c9 position-relative h-element\">\n                  <!---->\n                  <div class=\"h-image__frame-container-outer\">\n                    <div class=\"h-image__frame-container\">\n                      <!---->\n                      <!---->\n                      <img decoding=\"async\" loading=\"lazy\" src=\"https:\/\/albergueolimpico.com\/wp-content\/uploads\/2023\/09\/AO_2023_Logo_ProgramaProActivo-300x136.png\" class=\"style-4824-image style-local-572-c9-image\">\n                      <div class=\"h-image__frame h-hide-lg h-hide-md h-hide-sm style-4824-frameImage style-local-572-c9-frameImage\"><\/div>\n                    <\/div>\n                  <\/div>\n                <\/div>\n              <\/div>\n            <\/div>\n          <\/div>\n        <\/div>\n      <\/div>\n      <div data-colibri-id=\"572-c14\" class=\"h-row-container gutters-row-lg-2 gutters-row-md-2 gutters-row-0 gutters-row-v-lg-2 gutters-row-v-md-2 gutters-row-v-2 style-4829 style-local-572-c14 position-relative\">\n        <!---->\n        <div class=\"h-row justify-content-lg-center justify-content-md-center justify-content-center align-items-lg-stretch align-items-md-stretch align-items-stretch gutters-col-lg-2 gutters-col-md-2 gutters-col-0 gutters-col-v-lg-2 gutters-col-v-md-2 gutters-col-v-2\">\n          <!---->\n          <div class=\"h-column h-column-container d-flex h-col-lg-auto h-col-md-auto h-col-auto style-4830-outer style-local-572-c15-outer\">\n            <div data-colibri-id=\"572-c15\" class=\"d-flex h-flex-basis h-column__inner h-px-lg-2 h-px-md-2 h-px-2 v-inner-lg-2 v-inner-md-2 v-inner-2 style-4830 style-local-572-c15 position-relative\">\n              <!---->\n              <!---->\n              <div class=\"w-100 h-y-container h-column__content h-column__v-align flex-basis-100 align-self-lg-start align-self-md-start align-self-start\">\n                <!---->\n                <div data-colibri-id=\"572-c16\" class=\"d-block style-4831 style-local-572-c16 position-relative h-element\">\n                  <!---->\n                  <div class=\"h-image__frame-container-outer\">\n                    <div class=\"h-image__frame-container\">\n                      <!---->\n                      <!---->\n                      <img decoding=\"async\" width=\"1350\" height=\"865\" loading=\"lazy\" src=\"https:\/\/albergueolimpico.com\/wp-content\/uploads\/2023\/09\/cropped-AO_2023_OnePagers.jpg\" class=\"wp-image-18085 style-4831-image style-local-572-c16-image\" alt=\"\" srcset=\"https:\/\/albergueolimpico.com\/wp-content\/uploads\/2023\/09\/cropped-AO_2023_OnePagers.jpg 1350w, https:\/\/albergueolimpico.com\/wp-content\/uploads\/2023\/09\/cropped-AO_2023_OnePagers-300x192.jpg 300w, https:\/\/albergueolimpico.com\/wp-content\/uploads\/2023\/09\/cropped-AO_2023_OnePagers-1024x656.jpg 1024w, https:\/\/albergueolimpico.com\/wp-content\/uploads\/2023\/09\/cropped-AO_2023_OnePagers-768x492.jpg 768w, https:\/\/albergueolimpico.com\/wp-content\/uploads\/2023\/09\/cropped-AO_2023_OnePagers-18x12.jpg 18w\" sizes=\"auto, (max-width: 1350px) 100vw, 1350px\" \/>\n                      <div class=\"h-image__frame h-hide-lg h-hide-md h-hide-sm style-4831-frameImage style-local-572-c16-frameImage\"><\/div>\n                    <\/div>\n                  <\/div>\n                <\/div>\n              <\/div>\n            <\/div>\n          <\/div>\n        <\/div>\n      <\/div>\n    <\/div>\n  <\/div>\n  <div data-colibri-component=\"section\" data-colibri-id=\"572-c34\" id=\"custom-3\" class=\"h-section h-section-global-spacing d-flex align-items-lg-center align-items-md-center align-items-center style-4849 style-local-572-c34 position-relative\">\n    <!---->\n    <!---->\n    <div class=\"h-section-grid-container h-section-boxed-container\">\n      <!---->\n      <div data-colibri-id=\"572-c35\" class=\"h-row-container gutters-row-lg-2 gutters-row-md-2 gutters-row-0 gutters-row-v-lg-2 gutters-row-v-md-2 gutters-row-v-2 style-4850 style-local-572-c35 position-relative\">\n        <!---->\n        <div class=\"h-row justify-content-lg-center justify-content-md-center justify-content-center align-items-lg-stretch align-items-md-stretch align-items-stretch gutters-col-lg-2 gutters-col-md-2 gutters-col-0 gutters-col-v-lg-2 gutters-col-v-md-2 gutters-col-v-2\">\n          <!---->\n          <div class=\"h-column h-column-container d-flex h-col-lg-auto h-col-md-auto h-col-auto style-4851-outer style-local-572-c36-outer\">\n            <div data-colibri-id=\"572-c36\" class=\"d-flex h-flex-basis h-column__inner h-px-lg-2 h-px-md-2 h-px-2 v-inner-lg-2 v-inner-md-2 v-inner-2 style-4851 style-local-572-c36 position-relative\">\n              <!---->\n              <!---->\n              <div class=\"w-100 h-y-container h-column__content h-column__v-align flex-basis-100 align-self-lg-start align-self-md-start align-self-start\">\n                <!---->\n                <div data-colibri-id=\"572-c37\" class=\"h-global-transition-all h-heading style-4852 style-local-572-c37 position-relative h-element\">\n                  <!---->\n                  <div class=\"h-heading__outer style-4852 style-local-572-c37\">\n                    <!---->\n                    <!---->\n                    <h2 class=\"\">\u00bfQU\u00c9 ES EL PROGRAMA DEPORTIVO PROACTIVO?<\/h2>\n                  <\/div>\n                <\/div>\n              <\/div>\n            <\/div>\n          <\/div>\n        <\/div>\n      <\/div>\n    <\/div>\n  <\/div>\n  <div data-colibri-component=\"section\" data-colibri-id=\"572-c38\" id=\"custom-4\" class=\"h-section h-section-global-spacing d-flex align-items-lg-center align-items-md-center align-items-center style-4853 style-local-572-c38 position-relative\">\n    <!---->\n    <!---->\n    <div class=\"h-section-grid-container h-section-boxed-container\">\n      <!---->\n      <div data-colibri-id=\"572-c39\" class=\"h-row-container gutters-row-lg-2 gutters-row-md-2 gutters-row-0 gutters-row-v-lg-2 gutters-row-v-md-2 gutters-row-v-2 style-4854 style-local-572-c39 position-relative\">\n        <!---->\n        <div class=\"h-row justify-content-lg-center justify-content-md-center justify-content-center align-items-lg-stretch align-items-md-stretch align-items-stretch gutters-col-lg-2 gutters-col-md-2 gutters-col-0 gutters-col-v-lg-2 gutters-col-v-md-2 gutters-col-v-2\">\n          <!---->\n          <div class=\"h-column h-column-container d-flex h-col-lg-auto h-col-md-auto h-col-auto style-4855-outer style-local-572-c40-outer\">\n            <div data-colibri-id=\"572-c40\" class=\"d-flex h-flex-basis h-column__inner h-px-lg-2 h-px-md-2 h-px-2 v-inner-lg-2 v-inner-md-2 v-inner-2 style-4855 style-local-572-c40 position-relative\">\n              <!---->\n              <!---->\n              <div class=\"w-100 h-y-container h-column__content h-column__v-align flex-basis-100 align-self-lg-start align-self-md-start align-self-start\">\n                <!---->\n                <div data-colibri-id=\"572-c41\" class=\"h-text h-text-component style-4856 style-local-572-c41 position-relative h-element\">\n                  <!---->\n                  <!---->\n                  <div class=\"\">\n                    <p>El Albergue Ol\u00edmpico, cumpliendo con su compromiso con el deporte y la comunidad, crea el Programa Deportivo PROACTIVO.<\/p>\n                    <p>Este programa ofrece al p\u00fablico general clases en tres categor\u00edas: b\u00e1sico, intermedio y avanzado en las disciplinas de gimnasia y nataci\u00f3n. El prop\u00f3sito es que toda persona, sin importar la edad, tenga la oportunidad de aprender de\n                      la mano de expertos en distintas disciplinas deportivas.<\/p>\n                  <\/div>\n                <\/div>\n              <\/div>\n            <\/div>\n          <\/div>\n        <\/div>\n      <\/div>\n    <\/div>\n  <\/div>\n  <div data-colibri-component=\"section\" data-colibri-id=\"572-c20\" id=\"custom-2\" class=\"h-section h-section-global-spacing d-flex align-items-lg-center align-items-md-center align-items-center style-4835 style-local-572-c20 position-relative\">\n    <!---->\n    <!---->\n    <div class=\"h-section-grid-container h-section-boxed-container\">\n      <!---->\n      <div data-colibri-id=\"572-c26\" class=\"h-row-container gutters-row-lg-2 gutters-row-md-2 gutters-row-0 gutters-row-v-lg-2 gutters-row-v-md-2 gutters-row-v-2 style-4841 style-local-572-c26 position-relative\">\n        <!---->\n        <div class=\"h-row justify-content-lg-center justify-content-md-center justify-content-center align-items-lg-stretch align-items-md-stretch align-items-stretch gutters-col-lg-2 gutters-col-md-2 gutters-col-0 gutters-col-v-lg-2 gutters-col-v-md-2 gutters-col-v-2\">\n          <!---->\n          <div class=\"h-column h-column-container d-flex h-col-lg-6 h-col-md-6 h-col-12 style-4842-outer style-local-572-c27-outer\">\n            <div data-colibri-id=\"572-c27\" class=\"d-flex h-flex-basis h-column__inner h-px-lg-2 h-px-md-2 h-px-2 v-inner-lg-2 v-inner-md-2 v-inner-2 style-4842 style-local-572-c27 position-relative\">\n              <!---->\n              <!---->\n              <div class=\"w-100 h-y-container h-column__content h-column__v-align flex-basis-100 align-self-lg-start align-self-md-start align-self-start\">\n                <!---->\n                <div data-colibri-id=\"572-c42\" class=\"h-global-transition-all h-heading style-4857 style-local-572-c42 position-relative h-element\">\n                  <!---->\n                  <div class=\"h-heading__outer style-4857 style-local-572-c42\">\n                    <!---->\n                    <!---->\n                    <h3 class=\"\">NATACI\u00d3N<\/h3>\n                  <\/div>\n                <\/div>\n                <div data-colibri-id=\"572-c25\" class=\"h-text h-text-component style-4840 style-local-572-c25 position-relative h-element\">\n                  <!---->\n                  <!---->\n                  <div class=\"\">\n                    <p><span style=\"color: rgb(0, 0, 0); font-weight: 400;\">Nuestros instructores est\u00e1n certificados y cuentan con vasta experiencia en la disciplina de nataci\u00f3n. Las instalaciones acu\u00e1ticas cumplen con la seguridad necesaria y los requisitos internacionales, lo cual le da la oportunidad a todo usuario de tener una experiencia verdaderamente ol\u00edmpica.<\/span><\/p>\n                  <\/div>\n                <\/div>\n                <div data-colibri-id=\"572-c45\" class=\"h-x-container style-4860 style-local-572-c45 position-relative h-element\">\n                  <!---->\n                  <div class=\"h-x-container-inner style-dynamic-572-c45-group style-4860-spacing style-local-572-c45-spacing\"><span class=\"h-button__outer style-4861-outer style-local-572-c46-outer d-inline-flex h-element\"><a h-use-smooth-scroll=\"true\" href=\"https:\/\/albergueolimpico.com\/en\/deportes\/programas-deportivos\/natacion\/\"  data-colibri-id=\"572-c46\" class=\"d-flex w-100 align-items-center h-button justify-content-lg-center justify-content-md-center justify-content-center style-4861 style-local-572-c46 position-relative\"><!----><!----> <span>Learn More<\/span><\/a>\n                    <\/span>\n                  <\/div>\n                <\/div>\n              <\/div>\n            <\/div>\n          <\/div>\n          <div class=\"h-column h-column-container d-flex h-col-lg-6 h-col-md-6 h-col-12 style-4843-outer style-local-572-c28-outer\">\n            <div data-colibri-id=\"572-c28\" class=\"d-flex h-flex-basis h-column__inner h-px-lg-2 h-px-md-2 h-px-2 v-inner-lg-2 v-inner-md-2 v-inner-2 style-4843 style-local-572-c28 position-relative\">\n              <!---->\n              <!---->\n              <div class=\"w-100 h-y-container h-column__content h-column__v-align flex-basis-100 align-self-lg-start align-self-md-start align-self-start\">\n                <!---->\n                <div data-colibri-id=\"572-c43\" class=\"h-global-transition-all h-heading style-4858 style-local-572-c43 position-relative h-element\">\n                  <!---->\n                  <div class=\"h-heading__outer style-4858 style-local-572-c43\">\n                    <!---->\n                    <!---->\n                    <h3 class=\"\">GIMNASIA<\/h3>\n                  <\/div>\n                <\/div>\n                <div data-colibri-id=\"572-c44\" class=\"h-text h-text-component style-4859 style-local-572-c44 position-relative h-element\">\n                  <!---->\n                  <!---->\n                  <div class=\"\">\n                    <p>Los participantes tienen la oportunidad de comenzar en el programa de principiantes, el cual le permite desarrollar la t\u00e9cnicas b\u00e1sicas y aptitudes del deporte, para luego reforzar o mejorar la mismas en el programa avanzado.<\/p>\n                  <\/div>\n                <\/div>\n                <div data-colibri-id=\"572-c47\" class=\"h-x-container style-4862 style-local-572-c47 position-relative h-element\">\n                  <!---->\n                  <div class=\"h-x-container-inner style-dynamic-572-c47-group style-4862-spacing style-local-572-c47-spacing\"><span class=\"h-button__outer style-4863-outer style-local-572-c48-outer d-inline-flex h-element\"><a h-use-smooth-scroll=\"true\" href=\"https:\/\/albergueolimpico.com\/en\/deportes\/programas-deportivos\/gimnasia\/\"  data-colibri-id=\"572-c48\" class=\"d-flex w-100 align-items-center h-button justify-content-lg-center justify-content-md-center justify-content-center style-4863 style-local-572-c48 position-relative\"><!----><!----> <span>Learn More<\/span><\/a>\n                    <\/span>\n                  <\/div>\n                <\/div>\n              <\/div>\n            <\/div>\n          <\/div>\n        <\/div>\n      <\/div>\n    <\/div>\n  <\/div>\n  <div data-colibri-component=\"section\" data-colibri-id=\"572-c49\" id=\"reusable-sections\" class=\"h-section h-section-global-spacing d-flex align-items-lg-center align-items-md-center align-items-center style-4864 style-local-572-c49 position-relative\">\n    <!---->\n    <!---->\n    <div class=\"h-section-grid-container h-section-boxed-container\">\n      <!---->\n      <div data-colibri-id=\"572-c50\" class=\"h-row-container gutters-row-lg-2 gutters-row-md-2 gutters-row-0 gutters-row-v-lg-2 gutters-row-v-md-2 gutters-row-v-2 style-4865 style-local-572-c50 position-relative\">\n        <!---->\n        <div class=\"h-row justify-content-lg-center justify-content-md-center justify-content-center align-items-lg-stretch align-items-md-stretch align-items-stretch gutters-col-lg-2 gutters-col-md-2 gutters-col-0 gutters-col-v-lg-2 gutters-col-v-md-2 gutters-col-v-2\">\n          <!---->\n          <div class=\"h-column h-column-container d-flex h-col-lg-auto h-col-md-auto h-col-auto style-4866-outer style-local-572-c51-outer\">\n            <div data-colibri-id=\"572-c51\" class=\"d-flex h-flex-basis h-column__inner h-px-lg-2 h-px-md-2 h-px-2 v-inner-lg-2 v-inner-md-2 v-inner-2 style-4866 style-local-572-c51 position-relative\">\n              <!---->\n              <!---->\n              <div class=\"w-100 h-y-container h-column__content h-column__v-align flex-basis-100 align-self-lg-start align-self-md-start align-self-start\">\n                <!---->\n                <div data-colibri-id=\"572-c52\" class=\"h-text h-text-component style-4867 style-local-572-c52 position-relative h-element\">\n                  <!---->\n                  <!---->\n                  <div class=\"\">\n                    <h6><span style=\"color: rgb(255, 255, 255);\">Para m\u00e1s informaci\u00f3n, se puede comunicar al (787)-824-2200 o info@albergueolimpico.com<\/span><\/h6>\n                  <\/div>\n                <\/div>\n              <\/div>\n            <\/div>\n          <\/div>\n        <\/div>\n      <\/div>\n    <\/div>\n  <\/div>\n<\/div>","protected":false},"excerpt":{"rendered":"<p>\u00bfQU\u00c9 ES EL PROGRAMA DEPORTIVO PROACTIVO? El Albergue Ol\u00edmpico, cumpliendo con su compromiso con el deporte y la comunidad, crea el Programa Deportivo PROACTIVO. Este programa ofrece al p\u00fablico general clases en tres categor\u00edas: b\u00e1sico, intermedio y avanzado en las disciplinas de gimnasia y nataci\u00f3n. El prop\u00f3sito es que toda persona, sin importar la edad, [&hellip;]<\/p>\n","protected":false},"author":1,"featured_media":0,"parent":0,"menu_order":1,"comment_status":"closed","ping_status":"closed","template":"page-templates\/full-width-page.php","meta":{"nf_dc_page":"","om_disable_all_campaigns":false,"_monsterinsights_skip_tracking":false,"_monsterinsights_sitenote_active":false,"_monsterinsights_sitenote_note":"","_monsterinsights_sitenote_category":0,"footnotes":""},"class_list":["post-572","page","type-page","status-publish","hentry"],"_links":{"self":[{"href":"https:\/\/albergueolimpico.com\/en\/wp-json\/wp\/v2\/pages\/572","targetHints":{"allow":["GET"]}}],"collection":[{"href":"https:\/\/albergueolimpico.com\/en\/wp-json\/wp\/v2\/pages"}],"about":[{"href":"https:\/\/albergueolimpico.com\/en\/wp-json\/wp\/v2\/types\/page"}],"author":[{"embeddable":true,"href":"https:\/\/albergueolimpico.com\/en\/wp-json\/wp\/v2\/users\/1"}],"replies":[{"embeddable":true,"href":"https:\/\/albergueolimpico.com\/en\/wp-json\/wp\/v2\/comments?post=572"}],"version-history":[{"count":20,"href":"https:\/\/albergueolimpico.com\/en\/wp-json\/wp\/v2\/pages\/572\/revisions"}],"predecessor-version":[{"id":18090,"href":"https:\/\/albergueolimpico.com\/en\/wp-json\/wp\/v2\/pages\/572\/revisions\/18090"}],"wp:attachment":[{"href":"https:\/\/albergueolimpico.com\/en\/wp-json\/wp\/v2\/media?parent=572"}],"curies":[{"name":"wp","href":"https:\/\/api.w.org\/{rel}","templated":true}]}}