{"id":47,"date":"2014-05-27T14:16:15","date_gmt":"2014-05-27T18:16:15","guid":{"rendered":"http:\/\/albergueolimpico.com\/?page_id=47"},"modified":"2025-03-19T15:05:34","modified_gmt":"2025-03-19T19:05:34","slug":"que-somos","status":"publish","type":"page","link":"https:\/\/albergueolimpico.com\/en\/que-somos\/","title":{"rendered":"About Us"},"content":{"rendered":"<div data-colibri-id=\"47-c1\" class=\"style-663 style-local-47-c1 position-relative\">\n  <!---->\n  <div data-colibri-component=\"section\" data-colibri-id=\"47-c2\" id=\"about\" class=\"h-section h-section-global-spacing d-flex align-items-lg-center align-items-md-center align-items-center style-668 style-local-47-c2 position-relative\">\n    <!---->\n    <!---->\n    <div class=\"h-separator\" style=\"height: 100px; bottom: calc(0px);\">\n      <svg style=\"fill:#FFFFFF;\" xmlns=\"http:\/\/www.w3.org\/2000\/svg\" viewbox=\"0 0 1000 100\" preserveaspectratio=\"none\">\n        <path class=\"svg-white-bg\" d=\"M737.9,94.7L0,0v100h1000V0L737.9,94.7z\"><\/path>\n      <\/svg>\n    <\/div>\n    <div class=\"h-section-grid-container h-section-boxed-container\">\n      <!---->\n      <div data-colibri-id=\"47-c3\" class=\"h-row-container gutters-row-lg-0 gutters-row-md-0 gutters-row-0 gutters-row-v-lg-0 gutters-row-v-md-0 gutters-row-v-0 style-669 style-local-47-c3 position-relative\">\n        <!---->\n        <div class=\"h-row justify-content-lg-center justify-content-md-center justify-content-center align-items-lg-stretch align-items-md-stretch align-items-stretch gutters-col-lg-0 gutters-col-md-0 gutters-col-0 gutters-col-v-lg-0 gutters-col-v-md-0 gutters-col-v-0\">\n          <!---->\n          <div class=\"h-column h-column-container d-flex h-col-lg-auto h-col-md-auto h-col-auto style-670-outer style-local-47-c4-outer\">\n            <div data-colibri-id=\"47-c4\" class=\"d-flex h-flex-basis h-column__inner h-px-lg-0 h-px-md-0 h-px-0 v-inner-lg-0 v-inner-md-0 v-inner-0 style-670 style-local-47-c4 position-relative\">\n              <!---->\n              <!---->\n              <div class=\"w-100 h-y-container h-column__content h-column__v-align flex-basis-100 align-self-lg-start align-self-md-start align-self-start\">\n                <!---->\n                <div data-colibri-id=\"47-c5\" class=\"h-global-transition-all h-heading style-672 style-local-47-c5 position-relative h-element\">\n                  <!---->\n                  <div class=\"h-heading__outer style-672 style-local-47-c5\">\n                    <!---->\n                    <!---->\n                    <h3 class=\"\">\u00a1Somos tu Albergue!<\/h3>\n                  <\/div>\n                <\/div>\n                <div data-colibri-id=\"47-c6\" class=\"h-text h-text-component style-673 style-local-47-c6 position-relative h-element\">\n                  <!---->\n                  <!---->\n                  <div class=\"\">\n                    <p>Somos el Fondo Permanente para la Administraci\u00f3n de los Bienes Destinados al Deporte y al Olimpismo (Fideicomiso Ol\u00edmpico), mejor conocido como el Albergue Ol\u00edmpico de Puerto Rico, fundado en el 1986 y reconocido como entidad sin fines\n                      de lucro por el Estado bajo la ley 12 del 12 de junio de 1992. Ofrecemos servicios gratuitos de entrenamiento de alto rendimiento a los atletas afiliados a las Federaciones Nacionales y el Comit\u00e9 Ol\u00edmpico de Puerto Rico.<\/p>\n                    <p>En una extensi\u00f3n de terreno de 1,500 acres el Albergue Ol\u00edmpico desarrolla una serie de alianzas y proyectos para cumplir con su misi\u00f3n institucional de \u201cConstruir mentes positivas y educadas en cuerpos saludables con la capacidad\n                      para crear nuevas expectativas de vida\u201d. Para esto contamos con una alianza con el Departamento de Educaci\u00f3n que cre\u00f3 la Escuela de la Comunidad Especializada en Deportes \u201cEugenio Guerra Cruz. Otra alianza estrat\u00e9gica con la Universidad\n                      de Puerto Rico para contar con servicios de medicina deportiva y ciencias del deporte mediante el Centro de Salud Deportiva y Ciencias del Ejercicio (SADCE). Un museo dedicado a los 90 a\u00f1os del deporte puertorrique\u00f1o en la esfera\n                      internacional (Museo Ol\u00edmpico de Puerto Rico). As\u00ed como una serie de parques para promover recursos fiscales propios y a su vez promover la sana recreaci\u00f3n familiar.<\/p>\n                    <p>\n                      <br>\n                    <\/p>\n                  <\/div>\n                <\/div>\n              <\/div>\n            <\/div>\n          <\/div>\n          <div class=\"h-column h-column-container d-flex h-col-lg-auto h-col-md-auto h-col-auto style-674-outer style-local-47-c7-outer\">\n            <div data-colibri-id=\"47-c7\" class=\"d-flex h-flex-basis h-column__inner h-px-lg-0 h-px-md-0 h-px-0 v-inner-lg-0 v-inner-md-0 v-inner-0 style-674 style-local-47-c7 position-relative\">\n              <!---->\n              <!---->\n              <div class=\"w-100 h-y-container h-column__content h-column__v-align flex-basis-100 align-self-lg-center align-self-md-center align-self-start\">\n                <!---->\n                <div data-colibri-component=\"video\" data-colibri-id=\"47-c8\" class=\"d-block h-video d-block h-video style-675 style-local-47-c8 position-relative h-element\">\n                  <!---->\n                  <!---->\n                  <div class=\"video-container position-relative\">\n                    <div class=\"h-global-transition-all ratio-inner\"><iframe src=\"https:\/\/www.youtube.com\/embed\/Her4S1yLDzg?autoplay=0&#038;mute=0&#038;modestbranding=0&#038;rel=0&#038;enablejsapi=1&#038;\" class='h-video-main'  allowfullscreen><\/iframe><\/div>\n                  <\/div>\n                <\/div>\n              <\/div>\n            <\/div>\n          <\/div>\n        <\/div>\n      <\/div>\n    <\/div>\n  <\/div>\n  <div data-colibri-component=\"section\" data-colibri-id=\"47-c14\" id=\"reusable-sections\" class=\"h-section h-section-global-spacing d-flex align-items-lg-center align-items-md-center align-items-center style-1477 style-local-47-c14 position-relative\">\n    <!---->\n    <!---->\n    <div class=\"h-section-grid-container h-section-boxed-container\">\n      <!---->\n      <div data-colibri-id=\"47-c15\" class=\"h-row-container gutters-row-lg-2 gutters-row-md-2 gutters-row-0 gutters-row-v-lg-2 gutters-row-v-md-2 gutters-row-v-2 style-1478 style-local-47-c15 position-relative\">\n        <!---->\n        <div class=\"h-row justify-content-lg-center justify-content-md-center justify-content-center align-items-lg-stretch align-items-md-stretch align-items-stretch gutters-col-lg-2 gutters-col-md-2 gutters-col-0 gutters-col-v-lg-2 gutters-col-v-md-2 gutters-col-v-2\">\n          <!---->\n          <div class=\"h-column h-column-container d-flex h-col-lg-auto h-col-md-auto h-col-auto style-1479-outer style-local-47-c16-outer\">\n            <div data-colibri-id=\"47-c16\" class=\"d-flex h-flex-basis h-column__inner h-px-lg-2 h-px-md-2 h-px-2 v-inner-lg-2 v-inner-md-2 v-inner-2 style-1479 style-local-47-c16 position-relative\">\n              <!---->\n              <!---->\n              <div class=\"w-100 h-y-container h-column__content h-column__v-align flex-basis-100 align-self-lg-start align-self-md-start align-self-start\">\n                <!---->\n                <div data-colibri-id=\"47-c17\" class=\"d-block style-1480 style-local-47-c17 position-relative h-element\">\n                  <!---->\n                  <div class=\"h-image__frame-container-outer\">\n                    <div class=\"h-image__frame-container\">\n                      <!---->\n                      <!---->\n                      <img decoding=\"async\" width=\"4688\" height=\"556\" loading=\"lazy\" src=\"https:\/\/albergueolimpico.com\/wp-content\/uploads\/2020\/04\/Untitled-1.png\" class=\"wp-image-12987 style-1480-image style-local-47-c17-image\" alt=\"\" srcset=\"https:\/\/albergueolimpico.com\/wp-content\/uploads\/2020\/04\/Untitled-1.png 4688w, https:\/\/albergueolimpico.com\/wp-content\/uploads\/2020\/04\/Untitled-1-300x36.png 300w, https:\/\/albergueolimpico.com\/wp-content\/uploads\/2020\/04\/Untitled-1-1024x121.png 1024w, https:\/\/albergueolimpico.com\/wp-content\/uploads\/2020\/04\/Untitled-1-768x91.png 768w, https:\/\/albergueolimpico.com\/wp-content\/uploads\/2020\/04\/Untitled-1-1536x182.png 1536w, https:\/\/albergueolimpico.com\/wp-content\/uploads\/2020\/04\/Untitled-1-2048x243.png 2048w\" sizes=\"auto, (max-width: 4688px) 100vw, 4688px\" \/>\n                      <div class=\"h-image__frame h-hide-lg h-hide-md h-hide-sm style-1480-frameImage style-local-47-c17-frameImage\"><\/div>\n                    <\/div>\n                  <\/div>\n                <\/div>\n                <div data-colibri-id=\"47-c18\" class=\"style-4418 style-local-47-c18 position-relative h-element\">\n                  <!---->\n                <\/div>\n              <\/div>\n            <\/div>\n          <\/div>\n        <\/div>\n      <\/div>\n      <div data-colibri-id=\"47-c19\" class=\"h-row-container gutters-row-lg-0 gutters-row-md-0 gutters-row-0 gutters-row-v-lg-0 gutters-row-v-md-0 gutters-row-v-0 style-1481 style-local-47-c19 position-relative\">\n        <!---->\n        <div class=\"h-row justify-content-lg-center justify-content-md-center justify-content-center align-items-lg-stretch align-items-md-stretch align-items-stretch gutters-col-lg-0 gutters-col-md-0 gutters-col-0 gutters-col-v-lg-0 gutters-col-v-md-0 gutters-col-v-0\">\n          <!---->\n          <div class=\"h-column h-column-container d-flex h-col-lg-auto h-col-md-auto h-col-auto style-1482-outer style-local-47-c20-outer\">\n            <div data-colibri-id=\"47-c20\" class=\"d-flex h-flex-basis h-column__inner h-px-lg-0 h-px-md-0 h-px-0 v-inner-lg-0 v-inner-md-0 v-inner-0 style-1482 style-local-47-c20 position-relative\">\n              <!---->\n              <!---->\n              <div class=\"w-100 h-y-container h-column__content h-column__v-align flex-basis-100 align-self-lg-start align-self-md-start align-self-start\">\n                <!---->\n                <div data-colibri-id=\"47-c21\" class=\"h-global-transition-all h-heading style-1483 style-local-47-c21 position-relative h-element\">\n                  <!---->\n                  <div class=\"h-heading__outer style-1483 style-local-47-c21\">\n                    <!---->\n                    <!---->\n                    <h2 class=\"\">Vision<\/h2>\n                  <\/div>\n                <\/div>\n                <div data-colibri-id=\"47-c22\" class=\"h-text h-text-component style-1484 style-local-47-c22 position-relative h-element\">\n                  <!---->\n                  <!---->\n                  <div class=\"\">\n                    <p>El Albergue Ol\u00edmpico trabaja para posicionarse como uno de los Centros de Entrenamiento Alto Rendimiento m\u00e1s importantes a nivel mundial. A trav\u00e9s de alianzas con organizaciones deportivas como Panam Sports, crearemos nuevos programas\n                      deportivos, modernizaremos las facilidades existentes y desarrollaremos nuevas obras permanentes que promuevan los m\u00e9todos contempor\u00e1neos de entrenamiento y tecnolog\u00eda avanzada. Tambi\u00e9n, nos dirigimos a ser una entidad que responde\n                      a las necesidades no solo de la comunidad ol\u00edmpica, sino que tambi\u00e9n de la comunidad en general. Para esto aunamos esfuerzos para ser una entidad autosustentable y convertirnos en el Centro de Manejo de Emergencias del Sur.<\/p>\n                  <\/div>\n                <\/div>\n              <\/div>\n            <\/div>\n          <\/div>\n          <div class=\"h-column h-column-container d-flex h-col-lg-auto h-col-md-auto h-col-auto style-1485-outer style-local-47-c23-outer\">\n            <div data-colibri-id=\"47-c23\" class=\"d-flex h-flex-basis h-column__inner h-ui-empty-state-container h-px-lg-2 h-px-md-2 h-px-2 v-inner-lg-2 v-inner-md-2 v-inner-2 style-1485 style-local-47-c23 position-relative\">\n              <!---->\n              <!---->\n              <div class=\"w-100 h-y-container h-column__content h-column__v-align flex-basis-100\">\n                <!---->\n              <\/div>\n            <\/div>\n          <\/div>\n        <\/div>\n      <\/div>\n    <\/div>\n  <\/div>\n  <div data-colibri-component=\"section\" data-colibri-id=\"47-c24\" id=\"reusable-sections-2\" class=\"h-section h-section-global-spacing d-flex align-items-lg-center align-items-md-center align-items-center style-1486 style-local-47-c24 position-relative\">\n    <!---->\n    <!---->\n    <div class=\"h-section-grid-container h-section-boxed-container\">\n      <!---->\n      <div data-colibri-id=\"47-c25\" class=\"h-row-container gutters-row-lg-0 gutters-row-md-0 gutters-row-0 gutters-row-v-lg-0 gutters-row-v-md-0 gutters-row-v-0 style-1487 style-local-47-c25 position-relative\">\n        <!---->\n        <div class=\"h-row justify-content-lg-center justify-content-md-center justify-content-center align-items-lg-stretch align-items-md-stretch align-items-stretch gutters-col-lg-0 gutters-col-md-0 gutters-col-0 gutters-col-v-lg-0 gutters-col-v-md-0 gutters-col-v-0\">\n          <!---->\n          <div class=\"h-column h-column-container d-flex h-col-lg h-col-md h-col-auto style-1488-outer style-local-47-c26-outer\">\n            <div data-colibri-id=\"47-c26\" class=\"d-flex h-flex-basis h-column__inner h-ui-empty-state-container h-px-lg-0 h-px-md-0 h-px-0 v-inner-lg-0 v-inner-md-0 v-inner-0 style-1488 style-local-47-c26 position-relative\">\n              <!---->\n              <!---->\n              <div class=\"w-100 h-y-container h-column__content h-column__v-align flex-basis-100\">\n                <!---->\n              <\/div>\n            <\/div>\n          <\/div>\n          <div class=\"h-column h-column-container d-flex h-col-lg-auto h-col-md-auto h-col-auto style-1489-outer style-local-47-c27-outer\">\n            <div data-colibri-id=\"47-c27\" class=\"d-flex h-flex-basis h-column__inner h-px-lg-2 h-px-md-2 h-px-2 v-inner-lg-2 v-inner-md-2 v-inner-2 style-1489 style-local-47-c27 position-relative\">\n              <!---->\n              <!---->\n              <div class=\"w-100 h-y-container h-column__content h-column__v-align flex-basis-100 align-self-lg-start align-self-md-start align-self-start\">\n                <!---->\n                <div data-colibri-id=\"47-c28\" class=\"h-global-transition-all h-heading style-1490 style-local-47-c28 position-relative h-element\">\n                  <!---->\n                  <div class=\"h-heading__outer style-1490 style-local-47-c28\">\n                    <!---->\n                    <!---->\n                    <h2 class=\"\">Mission<\/h2>\n                  <\/div>\n                <\/div>\n                <div data-colibri-id=\"47-c29\" class=\"h-text h-text-component style-1491 style-local-47-c29 position-relative h-element\">\n                  <!---->\n                  <!---->\n                  <div class=\"\">\n                    <p>\u201cEs construir mentes positivas y educadas en cuerpos saludables con capacidad para crear nuevas expectativas de vida.\u201d. As\u00ed bien dijo su fundador y visionario, don Germ\u00e1n Rieckehoff Sampayo<\/p>\n                  <\/div>\n                <\/div>\n              <\/div>\n            <\/div>\n          <\/div>\n        <\/div>\n      <\/div>\n    <\/div>\n  <\/div>\n<\/div>","protected":false},"excerpt":{"rendered":"<p>\u00a1Somos tu Albergue! Somos el Fondo Permanente para la Administraci\u00f3n de los Bienes Destinados al Deporte y al Olimpismo (Fideicomiso Ol\u00edmpico), mejor conocido como el Albergue Ol\u00edmpico de Puerto Rico, fundado en el 1986 y reconocido como entidad sin fines de lucro por el Estado bajo la ley 12 del 12 de junio de 1992. [&hellip;]<\/p>\n","protected":false},"author":1,"featured_media":0,"parent":0,"menu_order":1,"comment_status":"closed","ping_status":"closed","template":"page-templates\/full-width-page.php","meta":{"nf_dc_page":"","om_disable_all_campaigns":false,"_monsterinsights_skip_tracking":false,"_monsterinsights_sitenote_active":false,"_monsterinsights_sitenote_note":"","_monsterinsights_sitenote_category":0,"footnotes":""},"class_list":["post-47","page","type-page","status-publish","hentry"],"_links":{"self":[{"href":"https:\/\/albergueolimpico.com\/en\/wp-json\/wp\/v2\/pages\/47","targetHints":{"allow":["GET"]}}],"collection":[{"href":"https:\/\/albergueolimpico.com\/en\/wp-json\/wp\/v2\/pages"}],"about":[{"href":"https:\/\/albergueolimpico.com\/en\/wp-json\/wp\/v2\/types\/page"}],"author":[{"embeddable":true,"href":"https:\/\/albergueolimpico.com\/en\/wp-json\/wp\/v2\/users\/1"}],"replies":[{"embeddable":true,"href":"https:\/\/albergueolimpico.com\/en\/wp-json\/wp\/v2\/comments?post=47"}],"version-history":[{"count":20,"href":"https:\/\/albergueolimpico.com\/en\/wp-json\/wp\/v2\/pages\/47\/revisions"}],"predecessor-version":[{"id":19856,"href":"https:\/\/albergueolimpico.com\/en\/wp-json\/wp\/v2\/pages\/47\/revisions\/19856"}],"wp:attachment":[{"href":"https:\/\/albergueolimpico.com\/en\/wp-json\/wp\/v2\/media?parent=47"}],"curies":[{"name":"wp","href":"https:\/\/api.w.org\/{rel}","templated":true}]}}