{"id":294,"date":"2014-06-02T14:34:35","date_gmt":"2014-06-02T18:34:35","guid":{"rendered":"http:\/\/albergueolimpico.com\/?page_id=294"},"modified":"2025-02-18T08:56:40","modified_gmt":"2025-02-18T12:56:40","slug":"museo-olimpico","status":"publish","type":"page","link":"https:\/\/albergueolimpico.com\/en\/servicios\/museo-olimpico\/","title":{"rendered":"Olympic Museum"},"content":{"rendered":"<div data-colibri-id=\"294-c1\" class=\"style-1492 style-local-294-c1 position-relative\">\n  <!---->\n  <div data-colibri-component=\"section\" data-colibri-id=\"294-c2\" id=\"custom\" class=\"h-section h-section-global-spacing d-flex align-items-lg-center align-items-md-center align-items-center style-1532 style-local-294-c2 position-relative\">\n    <!---->\n    <!---->\n    <div class=\"h-section-grid-container h-section-boxed-container\">\n      <!---->\n      <div data-colibri-id=\"294-c3\" class=\"h-row-container gutters-row-lg-2 gutters-row-md-2 gutters-row-0 gutters-row-v-lg-2 gutters-row-v-md-2 gutters-row-v-2 style-1533 style-local-294-c3 position-relative\">\n        <!---->\n        <div class=\"h-row justify-content-lg-center justify-content-md-center justify-content-center align-items-lg-stretch align-items-md-stretch align-items-stretch gutters-col-lg-2 gutters-col-md-2 gutters-col-0 gutters-col-v-lg-2 gutters-col-v-md-2 gutters-col-v-2\">\n          <!---->\n          <div class=\"h-column h-column-container d-flex h-col-lg-auto h-col-md-auto h-col-auto style-1534-outer style-local-294-c4-outer\">\n            <div data-colibri-id=\"294-c4\" class=\"d-flex h-flex-basis h-column__inner h-px-lg-2 h-px-md-2 h-px-2 v-inner-lg-2 v-inner-md-2 v-inner-2 style-1534 style-local-294-c4 position-relative\">\n              <!---->\n              <!---->\n              <div class=\"w-100 h-y-container h-column__content h-column__v-align flex-basis-100 align-self-lg-start align-self-md-start align-self-start\">\n                <!---->\n                <div data-colibri-id=\"294-c5\" class=\"h-global-transition-all h-heading style-1535 style-local-294-c5 position-relative h-element\">\n                  <!---->\n                  <div class=\"h-heading__outer style-1535 style-local-294-c5\">\n                    <!---->\n                    <!---->\n                    <h3 class=\"\">Olympic Museum of Puerto Rico<\/h3>\n                  <\/div>\n                <\/div>\n              <\/div>\n            <\/div>\n          <\/div>\n        <\/div>\n      <\/div>\n    <\/div>\n  <\/div>\n  <div data-colibri-component=\"section\" data-colibri-id=\"294-c6\" id=\"about\" class=\"h-section h-section-global-spacing d-flex align-items-lg-center align-items-md-center align-items-center style-1545 style-local-294-c6 position-relative\">\n    <!---->\n    <!---->\n    <div class=\"h-section-grid-container h-section-boxed-container\">\n      <!---->\n      <div data-colibri-id=\"294-c7\" class=\"h-row-container gutters-row-lg-0 gutters-row-md-0 gutters-row-0 gutters-row-v-lg-0 gutters-row-v-md-0 gutters-row-v-0 style-1546 style-local-294-c7 position-relative\">\n        <!---->\n        <div class=\"h-row justify-content-lg-center justify-content-md-center justify-content-center align-items-lg-stretch align-items-md-stretch align-items-stretch gutters-col-lg-0 gutters-col-md-0 gutters-col-0 gutters-col-v-lg-0 gutters-col-v-md-0 gutters-col-v-0\">\n          <!---->\n          <div class=\"h-column h-column-container d-flex h-col-lg-auto h-col-md-auto h-col-auto style-1547-outer style-local-294-c8-outer\">\n            <div data-colibri-id=\"294-c8\" class=\"d-flex h-flex-basis h-column__inner h-ui-empty-state-container h-px-lg-0 h-px-md-0 h-px-0 v-inner-lg-0 v-inner-md-0 v-inner-0 style-1547 style-local-294-c8 position-relative\">\n              <!---->\n              <!---->\n              <div class=\"w-100 h-y-container h-column__content h-column__v-align flex-basis-100\">\n                <!---->\n              <\/div>\n            <\/div>\n          <\/div>\n          <div class=\"h-column h-column-container d-flex h-col-lg-auto h-col-md-auto h-col-auto style-1548-outer style-local-294-c9-outer\">\n            <div data-colibri-id=\"294-c9\" class=\"d-flex h-flex-basis h-column__inner h-px-lg-2 h-px-md-2 h-px-2 v-inner-lg-2 v-inner-md-2 v-inner-2 style-1548 style-local-294-c9 position-relative\">\n              <!---->\n              <!---->\n              <div class=\"w-100 h-y-container h-column__content h-column__v-align flex-basis-100 align-self-lg-start align-self-md-start align-self-start\">\n                <!---->\n                <div data-colibri-id=\"294-c10\" class=\"h-global-transition-all h-heading style-1550 style-local-294-c10 position-relative h-element\">\n                  <!---->\n                  <div class=\"h-heading__outer style-1550 style-local-294-c10\">\n                    <!---->\n                    <!---->\n                    <h4 class=\"\">Relive Great Moments<\/h4>\n                  <\/div>\n                <\/div>\n                <div data-colibri-id=\"294-c11\" class=\"h-text h-text-component style-1551 style-local-294-c11 position-relative h-element\">\n                  <!---->\n                  <!---->\n                  <div class=\"\">\n                    <p>The Olympic Museum of Puerto Rico opened its doors for the first time in 1987 to safeguard and disseminate the sports achievements of Puerto Rico.<\/p>\n                    <p>Cuenta conjgiones tem\u00e1ticas. La primera sala dedicada a Eugenio Guerra Cruz, corredor de eventos de velocidad, entrenador universitario y de delegaciones nacionales por 28 a\u00f1os, presenta la m\u00e1s reciente exhibici\u00f3n 90 a\u00f1os del Olimpismo\n                      Puertorrique\u00f1o 1930-2020. Las otras dos salas relatan nuestra historia ol\u00edmpica durante el Siglo XX y fueron denominadas Sala Julio Enrique Monagas (Director de la Oficina Gubernamental de Parques y Recreo desde el 1941 al 1965)\n                      y la Sala Germ\u00e1n Rieckehoff Sampayo (Primer puertorrique\u00f1o miembro del Comit\u00e9 Internacional Ol\u00edmpico y Presidente del Comit\u00e9 Nacional desde el 1977 al 1990).<\/p>\n                    <p>The Museum is dedicated to the collection, preservation, documentation and promotion of Puerto Rican sports material through the permanent and temporary exhibitions for the educational benefit of the Puerto Rican people.<\/p>\n                  <\/div>\n                <\/div>\n              <\/div>\n            <\/div>\n          <\/div>\n        <\/div>\n      <\/div>\n      <div data-colibri-id=\"294-c12\" class=\"h-row-container gutters-row-lg-2 gutters-row-md-2 gutters-row-0 gutters-row-v-lg-2 gutters-row-v-md-2 gutters-row-v-2 style-4737 style-local-294-c12 position-relative\">\n        <!---->\n        <div class=\"h-row justify-content-lg-center justify-content-md-center justify-content-center align-items-lg-stretch align-items-md-stretch align-items-stretch gutters-col-lg-2 gutters-col-md-2 gutters-col-0 gutters-col-v-lg-2 gutters-col-v-md-2 gutters-col-v-2\">\n          <!---->\n          <div class=\"h-column h-column-container d-flex h-col-lg-auto h-col-md-auto h-col-auto style-4738-outer style-local-294-c13-outer\">\n            <div data-colibri-id=\"294-c13\" class=\"d-flex h-flex-basis h-column__inner h-px-lg-2 h-px-md-2 h-px-2 v-inner-lg-2 v-inner-md-2 v-inner-2 style-4738 style-local-294-c13 position-relative\">\n              <!---->\n              <!---->\n              <div class=\"w-100 h-y-container h-column__content h-column__v-align flex-basis-100 align-self-lg-start align-self-md-start align-self-start\">\n                <!---->\n                <div data-colibri-id=\"294-c14\" class=\"style-4739 style-local-294-c14 position-relative h-element\">\n                  <!---->\n                <\/div>\n              <\/div>\n            <\/div>\n          <\/div>\n        <\/div>\n      <\/div>\n    <\/div>\n  <\/div>\n  <div data-colibri-component=\"section\" data-colibri-id=\"294-c15\" id=\"cta\" class=\"h-section h-section-global-spacing d-flex align-items-lg-center align-items-md-center align-items-center style-1552 style-local-294-c15 position-relative\">\n    <div class=\"background-wrapper\">\n      <div class=\"background-layer background-layer-media-container-lg\">\n        <!---->\n        <div class=\"overlay-layer\">\n          <div class=\"overlay-image-layer\" style=\"background-color: rgb(255, 255, 255); opacity: 0.5;\"><\/div>\n        <\/div>\n      <\/div>\n      <div class=\"background-layer background-layer-media-container-md\">\n        <!---->\n        <div class=\"overlay-layer\">\n          <div class=\"overlay-image-layer\" style=\"background-color: rgb(255, 255, 255); opacity: 0.5;\"><\/div>\n        <\/div>\n      <\/div>\n      <div class=\"background-layer background-layer-media-container\">\n        <!---->\n        <div class=\"overlay-layer\">\n          <div class=\"overlay-image-layer\" style=\"background-color: rgb(255, 255, 255); opacity: 0.5;\"><\/div>\n        <\/div>\n      <\/div>\n    <\/div>\n    <!---->\n    <div class=\"h-section-grid-container h-section-boxed-container\">\n      <!---->\n      <div data-colibri-id=\"294-c16\" class=\"h-row-container gutters-row-lg-2 gutters-row-md-2 gutters-row-0 gutters-row-v-lg-2 gutters-row-v-md-2 gutters-row-v-2 style-1553 style-local-294-c16 position-relative\">\n        <!---->\n        <div class=\"h-row justify-content-lg-center justify-content-md-center justify-content-center align-items-lg-stretch align-items-md-stretch align-items-stretch gutters-col-lg-2 gutters-col-md-2 gutters-col-0 gutters-col-v-lg-2 gutters-col-v-md-2 gutters-col-v-2\">\n          <!---->\n          <div class=\"h-column h-column-container d-flex h-col-lg-auto h-col-md-auto h-col-auto style-1554-outer style-local-294-c17-outer\">\n            <div data-colibri-id=\"294-c17\" class=\"d-flex h-flex-basis h-column__inner h-px-lg-3 h-px-md-3 h-px-3 v-inner-lg-3 v-inner-md-3 v-inner-3 style-1554 style-local-294-c17 position-relative\">\n              <!---->\n              <!---->\n              <div class=\"w-100 h-y-container h-column__content h-column__v-align flex-basis-100 align-self-lg-start align-self-md-start align-self-start\">\n                <!---->\n                <div data-colibri-id=\"294-c18\" class=\"h-global-transition-all h-heading style-1555 style-local-294-c18 position-relative h-element\">\n                  <!---->\n                  <div class=\"h-heading__outer style-1555 style-local-294-c18\">\n                    <!---->\n                    <!---->\n                    <h4 class=\"\">Visit&nbsp;<span style=\"font-weight: 600;\">MOPUR.ORG<\/span><\/h4>\n                  <\/div>\n                <\/div>\n                <div data-colibri-id=\"294-c19\" class=\"h-x-container style-1556 style-local-294-c19 position-relative h-element\">\n                  <!---->\n                  <div class=\"h-x-container-inner style-dynamic-294-c19-group style-1556-spacing style-local-294-c19-spacing\"><span class=\"h-button__outer style-1557-outer style-local-294-c20-outer d-inline-flex h-element\"><a h-use-smooth-scroll=\"true\" href=\"http:\/\/mopur.org\/\"  data-colibri-id=\"294-c20\" class=\"d-flex w-100 align-items-center h-button justify-content-lg-center justify-content-md-center justify-content-center style-1557 style-local-294-c20 position-relative\"><!----><!----> <span>Visit<\/span><\/a>\n                    <\/span>\n                  <\/div>\n                <\/div>\n              <\/div>\n            <\/div>\n          <\/div>\n        <\/div>\n      <\/div>\n    <\/div>\n  <\/div>\n<\/div>","protected":false},"excerpt":{"rendered":"<p>Museo Ol\u00edmpico de Puerto Rico Revive Grandes Momentos El Museo Ol\u00edmpico de Puerto Rico abri\u00f3 sus puertas por primera vez en 1987 para salvaguardar y difundir la gesta deportiva de Puerto Rico. Cuenta conjgiones tem\u00e1ticas. La primera sala dedicada a Eugenio Guerra Cruz, corredor de eventos de velocidad, entrenador universitario y de delegaciones nacionales por [&hellip;]<\/p>\n","protected":false},"author":1,"featured_media":0,"parent":39,"menu_order":1,"comment_status":"closed","ping_status":"closed","template":"page-templates\/full-width-page.php","meta":{"nf_dc_page":"","om_disable_all_campaigns":false,"_monsterinsights_skip_tracking":false,"_monsterinsights_sitenote_active":false,"_monsterinsights_sitenote_note":"","_monsterinsights_sitenote_category":0,"footnotes":""},"class_list":["post-294","page","type-page","status-publish","hentry"],"_links":{"self":[{"href":"https:\/\/albergueolimpico.com\/en\/wp-json\/wp\/v2\/pages\/294","targetHints":{"allow":["GET"]}}],"collection":[{"href":"https:\/\/albergueolimpico.com\/en\/wp-json\/wp\/v2\/pages"}],"about":[{"href":"https:\/\/albergueolimpico.com\/en\/wp-json\/wp\/v2\/types\/page"}],"author":[{"embeddable":true,"href":"https:\/\/albergueolimpico.com\/en\/wp-json\/wp\/v2\/users\/1"}],"replies":[{"embeddable":true,"href":"https:\/\/albergueolimpico.com\/en\/wp-json\/wp\/v2\/comments?post=294"}],"version-history":[{"count":20,"href":"https:\/\/albergueolimpico.com\/en\/wp-json\/wp\/v2\/pages\/294\/revisions"}],"predecessor-version":[{"id":19811,"href":"https:\/\/albergueolimpico.com\/en\/wp-json\/wp\/v2\/pages\/294\/revisions\/19811"}],"up":[{"embeddable":true,"href":"https:\/\/albergueolimpico.com\/en\/wp-json\/wp\/v2\/pages\/39"}],"wp:attachment":[{"href":"https:\/\/albergueolimpico.com\/en\/wp-json\/wp\/v2\/media?parent=294"}],"curies":[{"name":"wp","href":"https:\/\/api.w.org\/{rel}","templated":true}]}}