{"id":19590,"date":"2024-08-16T09:08:49","date_gmt":"2024-08-16T13:08:49","guid":{"rendered":"https:\/\/albergueolimpico.com\/?page_id=19590"},"modified":"2025-09-09T11:59:10","modified_gmt":"2025-09-09T15:59:10","slug":"enao","status":"publish","type":"page","link":"https:\/\/albergueolimpico.com\/en\/enao\/","title":{"rendered":"ENAO"},"content":{"rendered":"<div data-colibri-id=\"19590-c1\" class=\"style-5756 style-local-19590-c1 position-relative\">\n  <!---->\n  <div data-colibri-component=\"section\" data-colibri-id=\"19590-c2\" id=\"custom\" class=\"h-section h-section-global-spacing d-flex align-items-lg-center align-items-md-center align-items-center style-5757 style-local-19590-c2 position-relative\">\n    <!---->\n    <!---->\n    <div class=\"h-section-grid-container h-section-boxed-container\">\n      <!---->\n      <div data-colibri-id=\"19590-c3\" class=\"h-row-container gutters-row-lg-2 gutters-row-md-2 gutters-row-0 gutters-row-v-lg-2 gutters-row-v-md-2 gutters-row-v-2 style-5758 style-local-19590-c3 position-relative\">\n        <!---->\n        <div class=\"h-row justify-content-lg-center justify-content-md-center justify-content-center align-items-lg-stretch align-items-md-stretch align-items-stretch gutters-col-lg-2 gutters-col-md-2 gutters-col-0 gutters-col-v-lg-2 gutters-col-v-md-2 gutters-col-v-2\">\n          <!---->\n          <div class=\"h-column h-column-container d-flex h-col-lg-auto h-col-md-auto h-col-auto style-5759-outer style-local-19590-c4-outer\">\n            <div data-colibri-id=\"19590-c4\" class=\"d-flex h-flex-basis h-column__inner h-px-lg-2 h-px-md-2 h-px-2 v-inner-lg-2 v-inner-md-2 v-inner-2 style-5759 style-local-19590-c4 position-relative\">\n              <!---->\n              <!---->\n              <div class=\"w-100 h-y-container h-column__content h-column__v-align flex-basis-100 align-self-lg-start align-self-md-start align-self-start\">\n                <!---->\n                <div data-colibri-id=\"19590-c5\" class=\"d-block style-5761 style-local-19590-c5 position-relative h-element\">\n                  <!---->\n                  <div class=\"h-image__frame-container-outer\">\n                    <div class=\"h-image__frame-container\">\n                      <!---->\n                      <!---->\n                      <img decoding=\"async\" width=\"4493\" height=\"4104\" loading=\"lazy\" src=\"http:\/\/albergueolimpico.com\/wp-content\/uploads\/2024\/08\/ENAO-1.png\" class=\"wp-image-19593 style-5761-image style-local-19590-c5-image\" alt=\"\" srcset=\"https:\/\/albergueolimpico.com\/wp-content\/uploads\/2024\/08\/ENAO-1.png 4493w, https:\/\/albergueolimpico.com\/wp-content\/uploads\/2024\/08\/ENAO-1-300x274.png 300w, https:\/\/albergueolimpico.com\/wp-content\/uploads\/2024\/08\/ENAO-1-1024x935.png 1024w, https:\/\/albergueolimpico.com\/wp-content\/uploads\/2024\/08\/ENAO-1-768x702.png 768w, https:\/\/albergueolimpico.com\/wp-content\/uploads\/2024\/08\/ENAO-1-1536x1403.png 1536w, https:\/\/albergueolimpico.com\/wp-content\/uploads\/2024\/08\/ENAO-1-2048x1871.png 2048w\" sizes=\"auto, (max-width: 4493px) 100vw, 4493px\" \/>\n                      <div class=\"h-image__frame h-hide-lg h-hide-md h-hide-sm style-5761-frameImage style-local-19590-c5-frameImage\"><\/div>\n                    <\/div>\n                  <\/div>\n                <\/div>\n              <\/div>\n            <\/div>\n          <\/div>\n          <div class=\"h-column h-column-container d-flex h-col-lg-auto h-col-md-auto h-col-auto style-5760-outer style-local-19590-c6-outer\">\n            <div data-colibri-id=\"19590-c6\" class=\"d-flex h-flex-basis h-column__inner h-px-lg-2 h-px-md-2 h-px-2 v-inner-lg-2 v-inner-md-2 v-inner-2 style-5760 style-local-19590-c6 position-relative\">\n              <!---->\n              <!---->\n              <div class=\"w-100 h-y-container h-column__content h-column__v-align flex-basis-100 align-self-lg-start align-self-md-start align-self-start\">\n                <!---->\n                <div data-colibri-id=\"19590-c7\" class=\"style-5765 style-local-19590-c7 position-relative h-element\">\n                  <!---->\n                <\/div>\n                <div data-colibri-id=\"19590-c8\" class=\"h-text h-text-component style-5762 style-local-19590-c8 position-relative h-element\">\n                  <!---->\n                  <!---->\n                  <div class=\"\">\n                    <h1><span style=\"color: rgb(0, 145, 225);\">\u00a1Bienvenidos a ENAO!<\/span><\/h1>\n                    <p>\n                      <br>\n                    <\/p>\n                  <\/div>\n                <\/div>\n                <div data-colibri-id=\"19590-c9\" class=\"h-text h-text-component style-5762 style-local-19590-c9 position-relative h-element\">\n                  <!---->\n                  <!---->\n                  <div class=\"\">\n                    <h5><span style=\"color: rgb(0, 0, 0); font-family: &quot;Open Sans&quot;; font-size: 75%; font-weight: 400;\">En el equipo de nataci\u00f3n del Albergue Ol\u00edmpico de Puerto Rico, contamos con entrenadores altamente comprometidos con el desarrollo individual de cada atleta. Nuestro enfoque se centra en maximizar el potencial de nuestros nadadores, gui\u00e1ndolos a trav\u00e9s de un entrenamiento especializado. <br><\/span><\/h5>\n                    <h5><span style=\"font-size: 75%; color: rgb(0, 0, 0); font-family: &quot;Open Sans&quot;; font-weight: 400;\">Nuestros entrenadores no solo forman atletas, sino que cultivan la disciplina, el trabajo en equipo, y la pasi\u00f3n por el deporte.<br><\/span><\/h5>\n                    <h5><span style=\"font-size: 75%; color: rgb(0, 0, 0); font-family: &quot;Open Sans&quot;; font-weight: 400;\"> \u00a1\u00danete a nuestro equipo y lleva tu potencial al m\u00e1ximo!<\/span><\/h5>\n                    <p><span style=\"color: rgb(0, 147, 218);\">Para m\u00e1s informaci\u00f3n puede llamar al 787-824-2200 ext. 9907 o enviar un correo elect\u00f3nico a enao@albergueolimpico.page<\/span><\/p>\n                    <p>\n                      <br>\n                    <\/p>\n                  <\/div>\n                <\/div>\n              <\/div>\n            <\/div>\n          <\/div>\n        <\/div>\n      <\/div>\n    <\/div>\n  <\/div>\n  <div data-colibri-component=\"section\" data-colibri-id=\"19590-c10\" id=\"custom-2\" class=\"h-section h-section-global-spacing d-flex align-items-lg-center align-items-md-center align-items-center style-5809 style-local-19590-c10 position-relative\">\n    <!---->\n    <!---->\n    <div class=\"h-section-grid-container h-section-boxed-container\">\n      <!---->\n      <div data-colibri-id=\"19590-c11\" class=\"h-row-container gutters-row-lg-2 gutters-row-md-2 gutters-row-0 gutters-row-v-lg-2 gutters-row-v-md-2 gutters-row-v-2 style-5810 style-local-19590-c11 position-relative\">\n        <!---->\n        <div class=\"h-row justify-content-lg-center justify-content-md-center justify-content-center align-items-lg-stretch align-items-md-stretch align-items-stretch gutters-col-lg-2 gutters-col-md-2 gutters-col-0 gutters-col-v-lg-2 gutters-col-v-md-2 gutters-col-v-2\">\n          <!---->\n          <div class=\"h-column h-column-container d-flex h-col-lg-auto h-col-md-auto h-col-auto style-5811-outer style-local-19590-c12-outer\">\n            <div data-colibri-id=\"19590-c12\" class=\"d-flex h-flex-basis h-column__inner h-px-lg-2 h-px-md-2 h-px-2 v-inner-lg-2 v-inner-md-2 v-inner-2 style-5811 style-local-19590-c12 position-relative\">\n              <!---->\n              <!---->\n              <div class=\"w-100 h-y-container h-column__content h-column__v-align flex-basis-100 align-self-lg-start align-self-md-start align-self-start\">\n                <!---->\n                <div data-colibri-id=\"19590-c13\" class=\"d-block style-5812 style-local-19590-c13 position-relative h-element\">\n                  <!---->\n                  <div class=\"h-image__frame-container-outer\">\n                    <div class=\"h-image__frame-container\">\n                      <!---->\n                      <!---->\n                      <img decoding=\"async\" width=\"2560\" height=\"972\" loading=\"lazy\" src=\"http:\/\/albergueolimpico.com\/wp-content\/uploads\/2025\/09\/image-4-scaled.png\" class=\"wp-image-20294 style-5812-image style-local-19590-c13-image\" alt=\"\" srcset=\"https:\/\/albergueolimpico.com\/wp-content\/uploads\/2025\/09\/image-4-scaled.png 2560w, https:\/\/albergueolimpico.com\/wp-content\/uploads\/2025\/09\/image-4-300x114.png 300w, https:\/\/albergueolimpico.com\/wp-content\/uploads\/2025\/09\/image-4-1024x389.png 1024w, https:\/\/albergueolimpico.com\/wp-content\/uploads\/2025\/09\/image-4-768x292.png 768w, https:\/\/albergueolimpico.com\/wp-content\/uploads\/2025\/09\/image-4-1536x583.png 1536w, https:\/\/albergueolimpico.com\/wp-content\/uploads\/2025\/09\/image-4-2048x777.png 2048w, https:\/\/albergueolimpico.com\/wp-content\/uploads\/2025\/09\/image-4-18x7.png 18w\" sizes=\"auto, (max-width: 2560px) 100vw, 2560px\" \/>\n                      <div class=\"h-image__frame h-hide-lg h-hide-md h-hide-sm style-5812-frameImage style-local-19590-c13-frameImage\"><\/div>\n                    <\/div>\n                  <\/div>\n                <\/div>\n              <\/div>\n            <\/div>\n          <\/div>\n        <\/div>\n      <\/div>\n    <\/div>\n  <\/div>\n<\/div>","protected":false},"excerpt":{"rendered":"<p>\u00a1Bienvenidos a ENAO! En el equipo de nataci\u00f3n del Albergue Ol\u00edmpico de Puerto Rico, contamos con entrenadores altamente comprometidos con el desarrollo individual de cada atleta. Nuestro enfoque se centra en maximizar el potencial de nuestros nadadores, gui\u00e1ndolos a trav\u00e9s de un entrenamiento especializado. Nuestros entrenadores no solo forman atletas, sino que cultivan la disciplina, [&hellip;]<\/p>\n","protected":false},"author":14,"featured_media":0,"parent":0,"menu_order":0,"comment_status":"closed","ping_status":"closed","template":"page-templates\/full-width-page.php","meta":{"nf_dc_page":"","om_disable_all_campaigns":false,"_monsterinsights_skip_tracking":false,"_monsterinsights_sitenote_active":false,"_monsterinsights_sitenote_note":"","_monsterinsights_sitenote_category":0,"footnotes":""},"class_list":["post-19590","page","type-page","status-publish","hentry"],"_links":{"self":[{"href":"https:\/\/albergueolimpico.com\/en\/wp-json\/wp\/v2\/pages\/19590","targetHints":{"allow":["GET"]}}],"collection":[{"href":"https:\/\/albergueolimpico.com\/en\/wp-json\/wp\/v2\/pages"}],"about":[{"href":"https:\/\/albergueolimpico.com\/en\/wp-json\/wp\/v2\/types\/page"}],"author":[{"embeddable":true,"href":"https:\/\/albergueolimpico.com\/en\/wp-json\/wp\/v2\/users\/14"}],"replies":[{"embeddable":true,"href":"https:\/\/albergueolimpico.com\/en\/wp-json\/wp\/v2\/comments?post=19590"}],"version-history":[{"count":7,"href":"https:\/\/albergueolimpico.com\/en\/wp-json\/wp\/v2\/pages\/19590\/revisions"}],"predecessor-version":[{"id":20298,"href":"https:\/\/albergueolimpico.com\/en\/wp-json\/wp\/v2\/pages\/19590\/revisions\/20298"}],"wp:attachment":[{"href":"https:\/\/albergueolimpico.com\/en\/wp-json\/wp\/v2\/media?parent=19590"}],"curies":[{"name":"wp","href":"https:\/\/api.w.org\/{rel}","templated":true}]}}